{"id":410,"date":"2020-02-12T20:14:36","date_gmt":"2020-02-12T19:14:36","guid":{"rendered":"http:\/\/sylvietexier.fr\/?page_id=410"},"modified":"2020-05-08T17:56:47","modified_gmt":"2020-05-08T15:56:47","slug":"ma-bio","status":"publish","type":"page","link":"https:\/\/sylvietexier.fr\/?page_id=410","title":{"rendered":""},"content":{"rendered":"\n<div class=\"wp-block-columns is-layout-flex wp-container-core-columns-is-layout-9d6595d7 wp-block-columns-is-layout-flex\">\n<div class=\"wp-block-column is-layout-flow wp-block-column-is-layout-flow\" style=\"flex-basis:66.66%\">\n<p><\/p>\n\n\n\n<p class=\"has-text-align-center\">      Originaire de  St Yrieix-la-Perche, ville d\u2019environ 8OOO habitants, en Haute-Vienne, je grandis \u00e0 la campagne \u00e0 deux pas de la Corr\u00e8ze, de la Dordogne et \u00e0 40 kms de Limoges. Ma rencontre avec le cin\u00e9ma documentaire se fait par hasard \u00e0 la facult\u00e9 de lettres \u00e0 Poitiers de 1987 \u00e0 1989 o\u00f9 je d\u00e9couvre  les films de Flaherty, de Raymond Depardon, de Jean Rouch, d\u2019Agn\u00e9s Varda, de Johan Van Der Keuken\u2026 Au-del\u00e0 du vif int\u00e9r\u00eat de voir des films de r\u00e9alisateurs, de r\u00e9alisatrices, qui m\u2019\u00e9taient jusqu\u2019alors totalement inconnus, j\u2019\u00e9prouve tr\u00e8s vite un besoin&nbsp;: celui d\u2019aller filmer, de me confronter au r\u00e9el, \u00e0 l\u2019autre, avec une cam\u00e9ra. Dans cet \u00e9lan, j&rsquo;obtiens en 1990 au Futuroscope de Poitiers le Dipl\u00f4me Universitaire: m\u00e9tiers de l\u2019audiovisuel option \u00ab&nbsp;filmer le r\u00e9el&nbsp;\u00bb. Mon premier film documentaire, film de fin d\u2019\u00e9tude, <em>\u00ab&nbsp;les Ratchanies&nbsp;\u00bb <\/em>que je co-r\u00e9alis\u00e9 avec trois  copines de promotion, est  pr\u00e9sent\u00e9 aux \u00e9tats g\u00e9n\u00e9raux du documentaire \u00e0 Lussas. Cette exp\u00e9rience de r\u00e9alisation est fondadrice, \u00e0 partir de l\u00e0,  le cin\u00e9ma documentaire s&rsquo;impose  comme une \u00e9vidence dans mes activit\u00e9s professionnelles que ce soit dans mes films, dans les ateliers cin\u00e9ma, comme dans mes choix de programmation.  <\/p>\n\n\n\n<p class=\"has-text-align-center\">Je m&rsquo;installe \u00e0 Limoges en 1992 o\u00f9, soutenue par des associations tel  que <em>Contrechamps,<\/em> je r\u00e9alise des films qui m&rsquo;am\u00e8neront aussi bien \u00e0 filmer le territoire de mon enfance qu&rsquo;\u00e0 partir en Bi\u00e9lorussie<em>.  <\/em>Les questions de l\u2019engagement, de la transmission, de l\u2019\u00e9ducation populaire, m\u2019int\u00e9ressent profond\u00e9ment. Des th\u00e9matiques que l\u2019on retrouve depuis dans la majorit\u00e9 de mes films.  <\/p>\n\n\n\n<p class=\"has-text-align-center\">De 1994 et \u00e0  1995 je participe  avec l\u2019association\n<em>Cin\u00e9ma Impur <\/em>\u00e0 la cr\u00e9ation et l\u2019organisation d\u2019un\nfestival du court-m\u00e9trage \u00e0 Limoges. Puis, de fil en aiguille, d\u00e8s\n 1998 et durant quinze ans, je deviens responsable du P\u00f4le Image de\nl\u2019association Varlin Pont-neuf, Foyer de Jeunes Travailleurs, o\u00f9&nbsp;:\nj\u2019anime des ateliers de r\u00e9alisation \u00ab&nbsp;Studio Image&nbsp;\u00bb, \nje programme des soir\u00e9es de diffusion&nbsp; \u00ab&nbsp;Caf\u00e9 Vision&nbsp;\u00bb.\n \n<\/p>\n\n\n\n<p class=\"has-text-align-center\">Depuis 2010, en parall\u00e8le de mon m\u00e9tier de\nr\u00e9alisatrice, je poursuis ce travail d\u2019\u00e9ducation \u00e0 l\u2019image, de\nd\u00e9mocratisation culturelle avec l\u2019association<em>\nla 25\u00e8me Image en Limousin<\/em>. J\u2019anime et j&rsquo;imagine avec\ndes enseignant.e.s ou  des travailleurs sociaux, des ateliers cin\u00e9ma\npour des jeunes,  pour des adultes en insertion professionnelle, etc.<\/p>\n\n\n\n<p class=\"has-text-align-center\">Ces exp\u00e9riences pass\u00e9es et vari\u00e9es, dans l\u2019animation, la r\u00e9alisation, sont une base solide pour penser celles \u00e0 venir, pour continuer \u00e0 d\u00e9velopper avec d\u2019autres des projets autour du cin\u00e9ma documentaire&nbsp;: faire un film, organiser une projection, mettre en place un atelier, une formation\u2026<\/p>\n\n\n\n<p><a href=\"http:\/\/sylvietexier.fr\/?page_id=930\" target=\"_blank\" rel=\"noreferrer noopener\" aria-label=\"Mon CV (s\u2019ouvre dans un nouvel onglet)\"><strong><em>Mon CV<\/em><\/strong><\/a><\/p>\n<\/div>\n\n\n\n<div class=\"wp-block-column is-layout-flow wp-block-column-is-layout-flow\" style=\"flex-basis:33.33%\">\n<figure class=\"wp-block-image size-large\"><img loading=\"lazy\" decoding=\"async\" width=\"1024\" height=\"751\" src=\"http:\/\/sylvietexier.fr\/wp-content\/uploads\/2020\/04\/1O-ans-1-1024x751.jpg\" alt=\"\" class=\"wp-image-841\" srcset=\"https:\/\/sylvietexier.fr\/wp-content\/uploads\/2020\/04\/1O-ans-1-1024x751.jpg 1024w, https:\/\/sylvietexier.fr\/wp-content\/uploads\/2020\/04\/1O-ans-1-300x220.jpg 300w, https:\/\/sylvietexier.fr\/wp-content\/uploads\/2020\/04\/1O-ans-1-768x563.jpg 768w, https:\/\/sylvietexier.fr\/wp-content\/uploads\/2020\/04\/1O-ans-1.jpg 1428w\" sizes=\"auto, (max-width: 1024px) 100vw, 1024px\" \/><\/figure>\n\n\n\n<p style=\"color:#fdf8f8\" class=\"has-text-color\">   aaaaaaaaaaaaaaaaaaaaaaaaaaaaaaaaaaaaaaaaaaaaaa                                                                                                                                                                                        <\/p>\n\n\n\n<figure class=\"wp-block-image size-large\"><img loading=\"lazy\" decoding=\"async\" width=\"1024\" height=\"683\" src=\"http:\/\/sylvietexier.fr\/wp-content\/uploads\/2020\/04\/749F3095-48EE-4CA4-A06E-CF4C0B1EF578-1024x683.jpg\" alt=\"\" class=\"wp-image-840\" srcset=\"https:\/\/sylvietexier.fr\/wp-content\/uploads\/2020\/04\/749F3095-48EE-4CA4-A06E-CF4C0B1EF578-1024x683.jpg 1024w, https:\/\/sylvietexier.fr\/wp-content\/uploads\/2020\/04\/749F3095-48EE-4CA4-A06E-CF4C0B1EF578-300x200.jpg 300w, https:\/\/sylvietexier.fr\/wp-content\/uploads\/2020\/04\/749F3095-48EE-4CA4-A06E-CF4C0B1EF578-768x512.jpg 768w, https:\/\/sylvietexier.fr\/wp-content\/uploads\/2020\/04\/749F3095-48EE-4CA4-A06E-CF4C0B1EF578-1536x1024.jpg 1536w, https:\/\/sylvietexier.fr\/wp-content\/uploads\/2020\/04\/749F3095-48EE-4CA4-A06E-CF4C0B1EF578-2048x1365.jpg 2048w\" sizes=\"auto, (max-width: 1024px) 100vw, 1024px\" \/><\/figure>\n\n\n\n<p style=\"color:#fdf8f8\" class=\"has-text-color\">aaaaaaaaaaaaaaaaaaaaaaaaaaaaaaaaaaaaaaaaaaaaaaaaaaaaaaaaaaaaaaaaaaa<\/p>\n\n\n\n<figure class=\"wp-block-image size-large\"><img loading=\"lazy\" decoding=\"async\" width=\"1024\" height=\"713\" src=\"http:\/\/sylvietexier.fr\/wp-content\/uploads\/2020\/04\/tournage-93-1024x713.jpg\" alt=\"\" class=\"wp-image-837\" srcset=\"https:\/\/sylvietexier.fr\/wp-content\/uploads\/2020\/04\/tournage-93-1024x713.jpg 1024w, https:\/\/sylvietexier.fr\/wp-content\/uploads\/2020\/04\/tournage-93-300x209.jpg 300w, https:\/\/sylvietexier.fr\/wp-content\/uploads\/2020\/04\/tournage-93-768x535.jpg 768w, https:\/\/sylvietexier.fr\/wp-content\/uploads\/2020\/04\/tournage-93-1536x1069.jpg 1536w, https:\/\/sylvietexier.fr\/wp-content\/uploads\/2020\/04\/tournage-93.jpg 2008w\" sizes=\"auto, (max-width: 1024px) 100vw, 1024px\" \/><\/figure>\n<\/div>\n<\/div>\n\n\n\n<p><\/p>\n","protected":false},"excerpt":{"rendered":"<p>Originaire de St Yrieix-la-Perche, ville d\u2019environ 8OOO habitants, en Haute-Vienne, je grandis \u00e0 la campagne \u00e0 deux pas de la Corr\u00e8ze, de la Dordogne et&hellip;<\/p>\n","protected":false},"author":1,"featured_media":0,"parent":0,"menu_order":0,"comment_status":"closed","ping_status":"closed","template":"","meta":{"footnotes":""},"class_list":["post-410","page","type-page","status-publish","hentry"],"_links":{"self":[{"href":"https:\/\/sylvietexier.fr\/index.php?rest_route=\/wp\/v2\/pages\/410","targetHints":{"allow":["GET"]}}],"collection":[{"href":"https:\/\/sylvietexier.fr\/index.php?rest_route=\/wp\/v2\/pages"}],"about":[{"href":"https:\/\/sylvietexier.fr\/index.php?rest_route=\/wp\/v2\/types\/page"}],"author":[{"embeddable":true,"href":"https:\/\/sylvietexier.fr\/index.php?rest_route=\/wp\/v2\/users\/1"}],"replies":[{"embeddable":true,"href":"https:\/\/sylvietexier.fr\/index.php?rest_route=%2Fwp%2Fv2%2Fcomments&post=410"}],"version-history":[{"count":19,"href":"https:\/\/sylvietexier.fr\/index.php?rest_route=\/wp\/v2\/pages\/410\/revisions"}],"predecessor-version":[{"id":932,"href":"https:\/\/sylvietexier.fr\/index.php?rest_route=\/wp\/v2\/pages\/410\/revisions\/932"}],"wp:attachment":[{"href":"https:\/\/sylvietexier.fr\/index.php?rest_route=%2Fwp%2Fv2%2Fmedia&parent=410"}],"curies":[{"name":"wp","href":"https:\/\/api.w.org\/{rel}","templated":true}]}}